{"id":971,"date":"2022-03-15T08:37:13","date_gmt":"2022-03-15T08:37:13","guid":{"rendered":"https:\/\/themeim.com\/wp\/sword\/?page_id=971"},"modified":"2022-11-19T14:12:04","modified_gmt":"2022-11-19T14:12:04","slug":"taekwondo-vrtic","status":"publish","type":"page","link":"https:\/\/taekwondo-tigar.hr\/index.php\/taekwondo-vrtic\/","title":{"rendered":"Taekwondo Vrti\u0107"},"content":{"rendered":"\t\t<div data-elementor-type=\"wp-page\" data-elementor-id=\"971\" class=\"elementor elementor-971\">\n\t\t\t\t\t\t<div class=\"elementor-section elementor-top-section elementor-element elementor-element-3ce88b4 elementor-section-stretched elementor-section-full_width elementor-section-height-default elementor-section-height-default\" data-id=\"3ce88b4\" data-element_type=\"section\" data-e-type=\"section\" data-settings=\"{&quot;stretch_section&quot;:&quot;section-stretched&quot;,&quot;background_background&quot;:&quot;classic&quot;}\">\n\t\t\t\t\t\t<div class=\"elementor-container elementor-column-gap-default\">\n\t\t\t\t\t<div class=\"elementor-column elementor-col-100 elementor-top-column elementor-element elementor-element-5278802\" data-id=\"5278802\" data-element_type=\"column\" data-e-type=\"column\">\n\t\t\t<div class=\"elementor-widget-wrap elementor-element-populated\">\n\t\t\t\t\t\t<div class=\"elementor-element elementor-element-a653e2f elementor-widget__width-initial elementor-absolute elementor-widget elementor-widget-image\" data-id=\"a653e2f\" data-element_type=\"widget\" data-e-type=\"widget\" data-settings=\"{&quot;_position&quot;:&quot;absolute&quot;}\" data-widget_type=\"image.default\">\n\t\t\t\t<div class=\"elementor-widget-container\">\n\t\t\t\t\t\t\t\t\t\t\t\t\t\t\t<img decoding=\"async\" src=\"https:\/\/themeim.com\/wp\/sword\/wp-content\/uploads\/2022\/03\/element-2.png\" title=\"\" alt=\"\" loading=\"lazy\" \/>\t\t\t\t\t\t\t\t\t\t\t\t\t\t\t<\/div>\n\t\t\t\t<\/div>\n\t\t\t\t<section class=\"elementor-section elementor-inner-section elementor-element elementor-element-c748a15 elementor-section-boxed elementor-section-height-default elementor-section-height-default\" data-id=\"c748a15\" data-element_type=\"section\" data-e-type=\"section\">\n\t\t\t\t\t\t<div class=\"elementor-container elementor-column-gap-default\">\n\t\t\t\t\t<div class=\"elementor-column elementor-col-33 elementor-inner-column elementor-element elementor-element-d4c26a8\" data-id=\"d4c26a8\" data-element_type=\"column\" data-e-type=\"column\">\n\t\t\t<div class=\"elementor-widget-wrap\">\n\t\t\t\t\t\t\t<\/div>\n\t\t<\/div>\n\t\t\t\t<div class=\"elementor-column elementor-col-33 elementor-inner-column elementor-element elementor-element-b1e35b4\" data-id=\"b1e35b4\" data-element_type=\"column\" data-e-type=\"column\">\n\t\t\t<div class=\"elementor-widget-wrap elementor-element-populated\">\n\t\t\t\t\t\t<div class=\"elementor-element elementor-element-0cffaed elementor-widget elementor-widget-sword-theme-heading-title-one-widget\" data-id=\"0cffaed\" data-element_type=\"widget\" data-e-type=\"widget\" data-widget_type=\"sword-theme-heading-title-one-widget.default\">\n\t\t\t\t<div class=\"elementor-widget-container\">\n\t\t\t\t\t        <div class=\"theme-heading-title \"\r\n             style=\"text-align:center\">\r\n                        <h3 class=\"title\">\r\n                TAEKWONDO  <span>VRTI\u0106<\/span>             <\/h3>\r\n            <p><\/p>        <\/div>\r\n        \t\t\t\t<\/div>\n\t\t\t\t<\/div>\n\t\t\t\t\t<\/div>\n\t\t<\/div>\n\t\t\t\t<div class=\"elementor-column elementor-col-33 elementor-inner-column elementor-element elementor-element-fbf6ec8\" data-id=\"fbf6ec8\" data-element_type=\"column\" data-e-type=\"column\">\n\t\t\t<div class=\"elementor-widget-wrap\">\n\t\t\t\t\t\t\t<\/div>\n\t\t<\/div>\n\t\t\t\t\t<\/div>\n\t\t<\/section>\n\t\t\t\t<section class=\"elementor-section elementor-inner-section elementor-element elementor-element-8798fee elementor-section-boxed elementor-section-height-default elementor-section-height-default\" data-id=\"8798fee\" data-element_type=\"section\" data-e-type=\"section\">\n\t\t\t\t\t\t<div class=\"elementor-container elementor-column-gap-default\">\n\t\t\t\t\t<div class=\"elementor-column elementor-col-100 elementor-inner-column elementor-element elementor-element-f611819\" data-id=\"f611819\" data-element_type=\"column\" data-e-type=\"column\">\n\t\t\t<div class=\"elementor-widget-wrap elementor-element-populated\">\n\t\t\t\t\t\t<div class=\"elementor-element elementor-element-767dd16 elementor-widget elementor-widget-text-editor\" data-id=\"767dd16\" data-element_type=\"widget\" data-e-type=\"widget\" data-widget_type=\"text-editor.default\">\n\t\t\t\t<div class=\"elementor-widget-container\">\n\t\t\t\t\t\t\t\t\t<p>Program TAEKWONDO VRTI\u0106 namijenjen je djeci dobi od 4 godine koji se provodi po principu Univerzalne sportske \u0161kole kroz koji bi stekli dobre sportske i dru\u0161tvene norme pona\u0161anja.<br \/>Program se temelji na socijalizaciji djece s drugom djecom, upoznavanje s okolinom i rekvizitima, razvoj psihomotori\u010dkih sposobnosti putem raznih dje\u010djih igara i animacijskog sadr\u017eaja.<\/p><p>Program taekwondo vrti\u0107\u00a0obuhva\u0107a velik broj tema i vje\u017ebi iz raznih sportova i sportskih igara s naglaskom na u\u010denje osnovnih elemenata taekwondo-a, prilago\u0111enih razvojnim osobinama pojedinih dobnih skupina djece. Takva raznolikost osigurava utjecaj na skladan razvoj svih motori\u010dkih i funkcionalnih sposobnosti djeteta.\u00a0Cilj programa je uz zanimljive teme, sportske i elementarne razvijati osnovne motori\u010dke sposobnosti: snagu, brzinu, spretnost, koordinaciju, ravnote\u017eu, ritam, \u2026, naravno uz naglasak na u\u010denje osnovnih elemenata taekwondoa.<\/p><p>Djeca s vje\u017ebanjem u ovako ranoj dobi usvajaju pozitivan stav prema radu u grupi, prema kretanju, obavezama i zdravoj okolini. Sve vje\u017ebe prilago\u0111ene su djeci navedenog uzrasta.<\/p>\t\t\t\t\t\t\t\t<\/div>\n\t\t\t\t<\/div>\n\t\t\t\t<div class=\"elementor-element elementor-element-fe45778 elementor-widget elementor-widget-image-gallery\" data-id=\"fe45778\" data-element_type=\"widget\" data-e-type=\"widget\" data-widget_type=\"image-gallery.default\">\n\t\t\t\t<div class=\"elementor-widget-container\">\n\t\t\t\t\t\t\t<div class=\"elementor-image-gallery\">\n\t\t\t<div id='gallery-1' class='gallery galleryid-971 gallery-columns-3 gallery-size-sword_classic'><figure class='gallery-item'>\n\t\t\t<div class='gallery-icon landscape'>\n\t\t\t\t<a data-elementor-open-lightbox=\"yes\" data-elementor-lightbox-slideshow=\"fe45778\" data-elementor-lightbox-title=\"MG_6805-scaled\" data-e-action-hash=\"#elementor-action%3Aaction%3Dlightbox%26settings%3DeyJpZCI6MzUyNiwidXJsIjoiaHR0cHM6XC9cL3RhZWt3b25kby10aWdhci5oclwvd3AtY29udGVudFwvdXBsb2Fkc1wvMjAyMlwvMTBcL01HXzY4MDUtc2NhbGVkLTEuanBnIiwic2xpZGVzaG93IjoiZmU0NTc3OCJ9\" href='https:\/\/taekwondo-tigar.hr\/wp-content\/uploads\/2022\/10\/MG_6805-scaled-1.jpg'><img fetchpriority=\"high\" decoding=\"async\" width=\"750\" height=\"400\" src=\"https:\/\/taekwondo-tigar.hr\/wp-content\/uploads\/2022\/10\/MG_6805-scaled-1-750x400.jpg\" class=\"attachment-sword_classic size-sword_classic\" alt=\"\" \/><\/a>\n\t\t\t<\/div><\/figure><figure class='gallery-item'>\n\t\t\t<div class='gallery-icon landscape'>\n\t\t\t\t<a data-elementor-open-lightbox=\"yes\" data-elementor-lightbox-slideshow=\"fe45778\" data-elementor-lightbox-title=\"MG_7052-scaled\" data-e-action-hash=\"#elementor-action%3Aaction%3Dlightbox%26settings%3DeyJpZCI6MzUyNywidXJsIjoiaHR0cHM6XC9cL3RhZWt3b25kby10aWdhci5oclwvd3AtY29udGVudFwvdXBsb2Fkc1wvMjAyMlwvMTBcL01HXzcwNTItc2NhbGVkLTEuanBnIiwic2xpZGVzaG93IjoiZmU0NTc3OCJ9\" href='https:\/\/taekwondo-tigar.hr\/wp-content\/uploads\/2022\/10\/MG_7052-scaled-1.jpg'><img decoding=\"async\" width=\"750\" height=\"400\" src=\"https:\/\/taekwondo-tigar.hr\/wp-content\/uploads\/2022\/10\/MG_7052-scaled-1-750x400.jpg\" class=\"attachment-sword_classic size-sword_classic\" alt=\"\" \/><\/a>\n\t\t\t<\/div><\/figure><figure class='gallery-item'>\n\t\t\t<div class='gallery-icon landscape'>\n\t\t\t\t<a data-elementor-open-lightbox=\"yes\" data-elementor-lightbox-slideshow=\"fe45778\" data-elementor-lightbox-title=\"MG_7085-scaled\" data-e-action-hash=\"#elementor-action%3Aaction%3Dlightbox%26settings%3DeyJpZCI6MzUyOCwidXJsIjoiaHR0cHM6XC9cL3RhZWt3b25kby10aWdhci5oclwvd3AtY29udGVudFwvdXBsb2Fkc1wvMjAyMlwvMTBcL01HXzcwODUtc2NhbGVkLTEuanBnIiwic2xpZGVzaG93IjoiZmU0NTc3OCJ9\" href='https:\/\/taekwondo-tigar.hr\/wp-content\/uploads\/2022\/10\/MG_7085-scaled-1.jpg'><img decoding=\"async\" width=\"750\" height=\"400\" src=\"https:\/\/taekwondo-tigar.hr\/wp-content\/uploads\/2022\/10\/MG_7085-scaled-1-750x400.jpg\" class=\"attachment-sword_classic size-sword_classic\" alt=\"\" \/><\/a>\n\t\t\t<\/div><\/figure><figure class='gallery-item'>\n\t\t\t<div class='gallery-icon landscape'>\n\t\t\t\t<a data-elementor-open-lightbox=\"yes\" data-elementor-lightbox-slideshow=\"fe45778\" data-elementor-lightbox-title=\"Reklama-motorika-ii-scaled\" data-e-action-hash=\"#elementor-action%3Aaction%3Dlightbox%26settings%3DeyJpZCI6MzUyOSwidXJsIjoiaHR0cHM6XC9cL3RhZWt3b25kby10aWdhci5oclwvd3AtY29udGVudFwvdXBsb2Fkc1wvMjAyMlwvMTBcL1Jla2xhbWEtbW90b3Jpa2EtaWktc2NhbGVkLTEuanBnIiwic2xpZGVzaG93IjoiZmU0NTc3OCJ9\" href='https:\/\/taekwondo-tigar.hr\/wp-content\/uploads\/2022\/10\/Reklama-motorika-ii-scaled-1.jpg'><img loading=\"lazy\" decoding=\"async\" width=\"750\" height=\"400\" src=\"https:\/\/taekwondo-tigar.hr\/wp-content\/uploads\/2022\/10\/Reklama-motorika-ii-scaled-1-750x400.jpg\" class=\"attachment-sword_classic size-sword_classic\" alt=\"\" \/><\/a>\n\t\t\t<\/div><\/figure><figure class='gallery-item'>\n\t\t\t<div class='gallery-icon portrait'>\n\t\t\t\t<a data-elementor-open-lightbox=\"yes\" data-elementor-lightbox-slideshow=\"fe45778\" data-elementor-lightbox-title=\"reklama-motorika-test-scaled\" data-e-action-hash=\"#elementor-action%3Aaction%3Dlightbox%26settings%3DeyJpZCI6MzUzMCwidXJsIjoiaHR0cHM6XC9cL3RhZWt3b25kby10aWdhci5oclwvd3AtY29udGVudFwvdXBsb2Fkc1wvMjAyMlwvMTBcL3Jla2xhbWEtbW90b3Jpa2EtdGVzdC1zY2FsZWQtMS5qcGciLCJzbGlkZXNob3ciOiJmZTQ1Nzc4In0%3D\" href='https:\/\/taekwondo-tigar.hr\/wp-content\/uploads\/2022\/10\/reklama-motorika-test-scaled-1.jpg'><img loading=\"lazy\" decoding=\"async\" width=\"750\" height=\"400\" src=\"https:\/\/taekwondo-tigar.hr\/wp-content\/uploads\/2022\/10\/reklama-motorika-test-scaled-1-750x400.jpg\" class=\"attachment-sword_classic size-sword_classic\" alt=\"\" \/><\/a>\n\t\t\t<\/div><\/figure>\n\t\t<\/div>\n\t\t<\/div>\n\t\t\t\t\t\t<\/div>\n\t\t\t\t<\/div>\n\t\t\t\t\t<\/div>\n\t\t<\/div>\n\t\t\t\t\t<\/div>\n\t\t<\/section>\n\t\t\t\t<section class=\"elementor-section elementor-inner-section elementor-element elementor-element-5312774 elementor-section-boxed elementor-section-height-default elementor-section-height-default\" data-id=\"5312774\" data-element_type=\"section\" data-e-type=\"section\">\n\t\t\t\t\t\t<div class=\"elementor-container elementor-column-gap-default\">\n\t\t\t\t\t<div class=\"elementor-column elementor-col-100 elementor-inner-column elementor-element elementor-element-f81ba0a\" data-id=\"f81ba0a\" data-element_type=\"column\" data-e-type=\"column\">\n\t\t\t<div class=\"elementor-widget-wrap elementor-element-populated\">\n\t\t\t\t\t\t<div class=\"elementor-element elementor-element-ace7d77 elementor-widget elementor-widget-sword-theme-heading-title-one-widget\" data-id=\"ace7d77\" data-element_type=\"widget\" data-e-type=\"widget\" data-widget_type=\"sword-theme-heading-title-one-widget.default\">\n\t\t\t\t<div class=\"elementor-widget-container\">\n\t\t\t\t\t        <div class=\"theme-heading-title \"\r\n             style=\"text-align:center\">\r\n                        <h3 class=\"title\">\r\n                OSTALI  <span>PROGRAMI<\/span>             <\/h3>\r\n            <p><\/p>        <\/div>\r\n        \t\t\t\t<\/div>\n\t\t\t\t<\/div>\n\t\t\t\t<div class=\"elementor-element elementor-element-1da5d9b elementor-widget elementor-widget-sword-training-single-grid-widget\" data-id=\"1da5d9b\" data-element_type=\"widget\" data-e-type=\"widget\" data-widget_type=\"sword-training-single-grid-widget.default\">\n\t\t\t\t<div class=\"elementor-widget-container\">\n\t\t\t\t\t        <div class=\"training-section--style\">\n            <div class=\"row\">\n\n                                    <div class=\"col-lg-4 col-md-6\">\n                        <div class=\"training-item aos-init margin-bottom-30\">\n                            <div class=\"training-thumb\">\n                                <img decoding=\"async\" src=\"\"\n                                     alt=\"\">\n                            <\/div>\n                            <div class=\"training-content\">\n                                <div class=\"training-icon-area\">\n                                    <div class=\"training-icon\"> <i class=\"flaticon-taekwondo\"><\/i><\/div>                                <\/div>\n                                <a href=\"https:\/\/taekwondo-tigar.hr\/index.php\/all-training\/vrtic\/\">\n                                    <h2 class=\"title\">Vrti\u0107<\/h2>\n                                <\/a>\n                                <p>Transport or transportation is the movement of humans, animals and goods from one location.<\/p>\n                                <div class=\"training-footer-area\">\n                                    <div class=\"training-price\">\n                                        <h4 class=\"title\">$19,000\/ hr <\/h4>\n                                    <\/div>\n                                    <div class=\"training-footer-btn\">\n                                        <a href=\"https:\/\/taekwondo-tigar.hr\/index.php\/all-training\/vrtic\/\"><i\n                                                    class=\"fas fa-arrow-right\"><\/i><\/a>\n                                    <\/div>\n                                <\/div>\n                            <\/div>\n                        <\/div>\n                    <\/div>\n                                    <div class=\"col-lg-4 col-md-6\">\n                        <div class=\"training-item aos-init margin-bottom-30\">\n                            <div class=\"training-thumb\">\n                                <img decoding=\"async\" src=\"\"\n                                     alt=\"\">\n                            <\/div>\n                            <div class=\"training-content\">\n                                <div class=\"training-icon-area\">\n                                    <div class=\"training-icon\"> <i class=\"flaticon-taekwondo\"><\/i><\/div>                                <\/div>\n                                <a href=\"https:\/\/taekwondo-tigar.hr\/index.php\/all-training\/skolarci\/\">\n                                    <h2 class=\"title\">\u0160kolarci<\/h2>\n                                <\/a>\n                                <p>Transport or transportation is the movement of humans, animals and goods from one location.<\/p>\n                                <div class=\"training-footer-area\">\n                                    <div class=\"training-price\">\n                                        <h4 class=\"title\">$19,000\/ hr <\/h4>\n                                    <\/div>\n                                    <div class=\"training-footer-btn\">\n                                        <a href=\"https:\/\/taekwondo-tigar.hr\/index.php\/all-training\/skolarci\/\"><i\n                                                    class=\"fas fa-arrow-right\"><\/i><\/a>\n                                    <\/div>\n                                <\/div>\n                            <\/div>\n                        <\/div>\n                    <\/div>\n                                    <div class=\"col-lg-4 col-md-6\">\n                        <div class=\"training-item aos-init margin-bottom-30\">\n                            <div class=\"training-thumb\">\n                                <img decoding=\"async\" src=\"\"\n                                     alt=\"\">\n                            <\/div>\n                            <div class=\"training-content\">\n                                <div class=\"training-icon-area\">\n                                    <div class=\"training-icon\"> <i class=\"flaticon-taekwondo\"><\/i><\/div>                                <\/div>\n                                <a href=\"https:\/\/taekwondo-tigar.hr\/index.php\/all-training\/rekreacija\/\">\n                                    <h2 class=\"title\">Rekreacija<\/h2>\n                                <\/a>\n                                <p>Transport or transportation is the movement of humans, animals and goods from one location.<\/p>\n                                <div class=\"training-footer-area\">\n                                    <div class=\"training-price\">\n                                        <h4 class=\"title\">$19,000\/ hr <\/h4>\n                                    <\/div>\n                                    <div class=\"training-footer-btn\">\n                                        <a href=\"https:\/\/taekwondo-tigar.hr\/index.php\/all-training\/rekreacija\/\"><i\n                                                    class=\"fas fa-arrow-right\"><\/i><\/a>\n                                    <\/div>\n                                <\/div>\n                            <\/div>\n                        <\/div>\n                    <\/div>\n                                    <div class=\"col-lg-4 col-md-6\">\n                        <div class=\"training-item aos-init margin-bottom-30\">\n                            <div class=\"training-thumb\">\n                                <img decoding=\"async\" src=\"\"\n                                     alt=\"\">\n                            <\/div>\n                            <div class=\"training-content\">\n                                <div class=\"training-icon-area\">\n                                    <div class=\"training-icon\"> <i class=\"flaticon-karate-3\"><\/i><\/div>                                <\/div>\n                                <a href=\"https:\/\/taekwondo-tigar.hr\/index.php\/all-training\/natcjecatelji\/\">\n                                    <h2 class=\"title\">NATCJECATELJI<\/h2>\n                                <\/a>\n                                <p>Transport or transportation is the movement of humans, animals and goods from one location.<\/p>\n                                <div class=\"training-footer-area\">\n                                    <div class=\"training-price\">\n                                        <h4 class=\"title\">$19,000\/ hr <\/h4>\n                                    <\/div>\n                                    <div class=\"training-footer-btn\">\n                                        <a href=\"https:\/\/taekwondo-tigar.hr\/index.php\/all-training\/natcjecatelji\/\"><i\n                                                    class=\"fas fa-arrow-right\"><\/i><\/a>\n                                    <\/div>\n                                <\/div>\n                            <\/div>\n                        <\/div>\n                    <\/div>\n                                    <div class=\"col-lg-4 col-md-6\">\n                        <div class=\"training-item aos-init margin-bottom-30\">\n                            <div class=\"training-thumb\">\n                                <img decoding=\"async\" src=\"\"\n                                     alt=\"\">\n                            <\/div>\n                            <div class=\"training-content\">\n                                <div class=\"training-icon-area\">\n                                    <div class=\"training-icon\"> <i class=\"flaticon-taekwondo\"><\/i><\/div>                                <\/div>\n                                <a href=\"https:\/\/taekwondo-tigar.hr\/index.php\/all-training\/funkcionalni-trening\/\">\n                                    <h2 class=\"title\">FUKNCIONALNI TRENING<\/h2>\n                                <\/a>\n                                <p>Transport or transportation is the movement of humans, animals and goods from one location.<\/p>\n                                <div class=\"training-footer-area\">\n                                    <div class=\"training-price\">\n                                        <h4 class=\"title\">$19,000\/ hr <\/h4>\n                                    <\/div>\n                                    <div class=\"training-footer-btn\">\n                                        <a href=\"https:\/\/taekwondo-tigar.hr\/index.php\/all-training\/funkcionalni-trening\/\"><i\n                                                    class=\"fas fa-arrow-right\"><\/i><\/a>\n                                    <\/div>\n                                <\/div>\n                            <\/div>\n                        <\/div>\n                    <\/div>\n                                    <div class=\"col-lg-4 col-md-6\">\n                        <div class=\"training-item aos-init margin-bottom-30\">\n                            <div class=\"training-thumb\">\n                                <img decoding=\"async\" src=\"\"\n                                     alt=\"\">\n                            <\/div>\n                            <div class=\"training-content\">\n                                <div class=\"training-icon-area\">\n                                    <div class=\"training-icon\"> <i class=\"fas fa-birthday-cake\"><\/i><\/div>                                <\/div>\n                                <a href=\"https:\/\/taekwondo-tigar.hr\/index.php\/all-training\/sportski-rodendani\/\">\n                                    <h2 class=\"title\">SPORTSKI RO\u0110ENDANI<\/h2>\n                                <\/a>\n                                <p>Transport or transportation is the movement of humans, animals and goods from one location.<\/p>\n                                <div class=\"training-footer-area\">\n                                    <div class=\"training-price\">\n                                        <h4 class=\"title\">$19,000\/ hr <\/h4>\n                                    <\/div>\n                                    <div class=\"training-footer-btn\">\n                                        <a href=\"https:\/\/taekwondo-tigar.hr\/index.php\/all-training\/sportski-rodendani\/\"><i\n                                                    class=\"fas fa-arrow-right\"><\/i><\/a>\n                                    <\/div>\n                                <\/div>\n                            <\/div>\n                        <\/div>\n                    <\/div>\n                                    <div class=\"col-lg-4 col-md-6\">\n                        <div class=\"training-item aos-init margin-bottom-30\">\n                            <div class=\"training-thumb\">\n                                <img decoding=\"async\" src=\"\"\n                                     alt=\"\">\n                            <\/div>\n                            <div class=\"training-content\">\n                                <div class=\"training-icon-area\">\n                                    <div class=\"training-icon\"> <i class=\"flaticon-taekwondo\"><\/i><\/div>                                <\/div>\n                                <a href=\"https:\/\/taekwondo-tigar.hr\/index.php\/all-training\/individualni-program\/\">\n                                    <h2 class=\"title\">INDIVIDUALNI PROGRAM<\/h2>\n                                <\/a>\n                                <p>Transport or transportation is the movement of humans, animals and goods from one location.<\/p>\n                                <div class=\"training-footer-area\">\n                                    <div class=\"training-price\">\n                                        <h4 class=\"title\">$19,000\/ hr <\/h4>\n                                    <\/div>\n                                    <div class=\"training-footer-btn\">\n                                        <a href=\"https:\/\/taekwondo-tigar.hr\/index.php\/all-training\/individualni-program\/\"><i\n                                                    class=\"fas fa-arrow-right\"><\/i><\/a>\n                                    <\/div>\n                                <\/div>\n                            <\/div>\n                        <\/div>\n                    <\/div>\n                                <div class=\"col-lg-12\">\n                    <div class=\"blog-pagination text-left margin-top-20\">\n                                            <\/div>\n                <\/div>\n            <\/div>\n        <\/div>\n        \t\t\t\t<\/div>\n\t\t\t\t<\/div>\n\t\t\t\t\t<\/div>\n\t\t<\/div>\n\t\t\t\t\t<\/div>\n\t\t<\/section>\n\t\t\t\t\t<\/div>\n\t\t<\/div>\n\t\t\t\t\t<\/div>\n\t\t<\/div>\n\t\t\t\t<\/div>\n\t\t","protected":false},"excerpt":{"rendered":"<p>TAEKWONDO VRTI\u0106 Program TAEKWONDO VRTI\u0106 namijenjen je djeci dobi od 4 godine koji se provodi po principu Univerzalne <\/p>\n","protected":false},"author":1,"featured_media":0,"parent":0,"menu_order":0,"comment_status":"closed","ping_status":"closed","template":"","meta":{"_blockly_fonts_attr":"","footnotes":""},"class_list":["post-971","page","type-page","status-publish","hentry"],"_links":{"self":[{"href":"https:\/\/taekwondo-tigar.hr\/index.php\/wp-json\/wp\/v2\/pages\/971","targetHints":{"allow":["GET"]}}],"collection":[{"href":"https:\/\/taekwondo-tigar.hr\/index.php\/wp-json\/wp\/v2\/pages"}],"about":[{"href":"https:\/\/taekwondo-tigar.hr\/index.php\/wp-json\/wp\/v2\/types\/page"}],"author":[{"embeddable":true,"href":"https:\/\/taekwondo-tigar.hr\/index.php\/wp-json\/wp\/v2\/users\/1"}],"replies":[{"embeddable":true,"href":"https:\/\/taekwondo-tigar.hr\/index.php\/wp-json\/wp\/v2\/comments?post=971"}],"version-history":[{"count":11,"href":"https:\/\/taekwondo-tigar.hr\/index.php\/wp-json\/wp\/v2\/pages\/971\/revisions"}],"predecessor-version":[{"id":3562,"href":"https:\/\/taekwondo-tigar.hr\/index.php\/wp-json\/wp\/v2\/pages\/971\/revisions\/3562"}],"wp:attachment":[{"href":"https:\/\/taekwondo-tigar.hr\/index.php\/wp-json\/wp\/v2\/media?parent=971"}],"curies":[{"name":"wp","href":"https:\/\/api.w.org\/{rel}","templated":true}]}}