{"id":827,"date":"2022-03-14T12:16:40","date_gmt":"2022-03-14T12:16:40","guid":{"rendered":"https:\/\/themeim.com\/wp\/sword\/?page_id=827"},"modified":"2022-11-19T14:09:35","modified_gmt":"2022-11-19T14:09:35","slug":"o-nama","status":"publish","type":"page","link":"https:\/\/taekwondo-tigar.hr\/index.php\/o-nama\/","title":{"rendered":"O nama"},"content":{"rendered":"\t\t<div data-elementor-type=\"wp-page\" data-elementor-id=\"827\" class=\"elementor elementor-827\">\n\t\t\t\t\t\t<div class=\"elementor-section elementor-top-section elementor-element elementor-element-33affb2 elementor-section-stretched elementor-section-boxed elementor-section-height-default elementor-section-height-default\" data-id=\"33affb2\" data-element_type=\"section\" data-e-type=\"section\" data-settings=\"{&quot;stretch_section&quot;:&quot;section-stretched&quot;}\">\n\t\t\t\t\t\t<div class=\"elementor-container elementor-column-gap-default\">\n\t\t\t\t\t<div class=\"elementor-column elementor-col-100 elementor-top-column elementor-element elementor-element-91264ef\" data-id=\"91264ef\" data-element_type=\"column\" data-e-type=\"column\">\n\t\t\t<div class=\"elementor-widget-wrap elementor-element-populated\">\n\t\t\t\t\t\t<div class=\"elementor-section elementor-inner-section elementor-element elementor-element-9d5eb1b elementor-section-boxed elementor-section-height-default elementor-section-height-default\" data-id=\"9d5eb1b\" data-element_type=\"section\" data-e-type=\"section\">\n\t\t\t\t\t\t<div class=\"elementor-container elementor-column-gap-default\">\n\t\t\t\t\t<div class=\"elementor-column elementor-col-100 elementor-inner-column elementor-element elementor-element-7392b23\" data-id=\"7392b23\" data-element_type=\"column\" data-e-type=\"column\">\n\t\t\t<div class=\"elementor-widget-wrap elementor-element-populated\">\n\t\t\t\t\t\t<div class=\"elementor-element elementor-element-e2197c5 elementor-widget elementor-widget-sword-theme-heading-title-one-widget\" data-id=\"e2197c5\" data-element_type=\"widget\" data-e-type=\"widget\" data-widget_type=\"sword-theme-heading-title-one-widget.default\">\n\t\t\t\t<div class=\"elementor-widget-container\">\n\t\t\t\t\t        <div class=\"theme-heading-title \"\r\n             style=\"text-align:left\">\r\n                        <h3 class=\"title\">\r\n                O <span>NAMA <\/span>             <\/h3>\r\n            <p>Taekwondo klub Tigar Zagreb osnovan je 11. sije\u010dnja 2011. godine na inicijativu glavnog trenera Marka Jeren koji se maksimalno posvetio provedbi programa rada Kluba. \n\nZaljubljen u taekwondo sport,\u00a0vo\u0111en vizijom da se mladim perspektivnim natjecateljima, kao i svima koji se \u017eele baviti taekwondoom, osigura kvalitetno okru\u017eenje, primjereno njihovom talentu i trudu: od \u0161kolovanih trenera do profesionalne logistike pokrenuo je pri\u010du zvana Tigar Zagreb.\n\n\nSretni smo i ponosni \u0161to su roditelji prepoznali kvalitetu rada te nam u punom povjerenju prepustili sportski odgoj djeteta -sporta\u0161a.\nNa\u0161 posao je dovesti dijete na pravi put, usmjetiti ga u one vode daleko od\u00a0 alkohola, droge, nasilja i ovisnosti. Cilj nam je sprije\u010diti nasilje me\u0111u njihovim vr\u0161njacima, nasilje u obiteljima, maltretiranja slabijih te sprije\u010diti \u0161irenje frustracije me\u0111u djecom i roditeljima.\n\nOd samoga po\u010detka djelujemo pozitivno na dru\u0161tvo u kojem se kre\u0107emo i tako \u0107emo nastaviti dalje. Svakim danom di\u0161emo punim plu\u0107ima te tako dajemo snage na\u0161im jedrima da idemo korak po korak dalje i dalje.\n\nVodimo ra\u010duna da su nam treneri osposobljeni za rad s djecom, \u0161kolavani, te s bogatim natjecateljskim iskustvom. Kvalitetnog trenera\/pedagoga je te\u0161ko prona\u0107i, zato cijenimo ono \u0161to imamo!\n\nVa\u0161 izbor + na\u0161 posao = zajedni\u010dki san!\n\nTaekwondo je pravi sport za Vas. Treniraju\u0107i taekwondo uspjet \u0107ete posti\u0107i du\u0161evni mir te \u0107ete razviti svoje tijelo u pravom smjeru. Treningom \u0107ete podi\u0107i ljestvicu kondicije, razviti fleksibilnost te koordinaciju pokreta.\n\nPravilnim izvr\u0161avanjem vje\u017ebi dobiti \u0107ete uspravno dr\u017eanje, pove\u0107ati \u0107ete snagu i brzinu, eksplozivnost, sko\u010dnost te izdr\u017eljivost. Ste\u0107i \u0107ete osje\u0107aj za odgovorno\u0161\u0107u te vrijednost discipline, po\u0161tovanja starijih i odgovornosti koji \u0107e Vam pomo\u0107i u daljnjim obavezama u \u017eivotu. Konstantnim i kvalitetnim treningom razviti \u0107ete talenat koji posjedujete te pove\u0107ati koncentraciju.\n\nTaekwondo je vje\u0161tina i odli\u010dan vid rekreacije tako da nikad nije kasno po\u010deti. Osobe koje treniraju taekwondo su organiziranije, odgovornije te imaju vi\u0161e slobodnog vremena, a trening im slu\u017ei kao ventil za ispu\u0161tanje negativnog naboja.\n\nVodilje u taekwondo-u su: DOBROTA, PO\u0160TENJE, UPORNOST, SAMOKONTROLA i NESALOMLJIV DUH.<\/p>        <\/div>\r\n        \t\t\t\t<\/div>\n\t\t\t\t<\/div>\n\t\t\t\t\t<\/div>\n\t\t<\/div>\n\t\t\t\t\t<\/div>\n\t\t<\/div>\n\t\t\t\t<section class=\"elementor-section elementor-inner-section elementor-element elementor-element-3c25fd1 elementor-section-boxed elementor-section-height-default elementor-section-height-default\" data-id=\"3c25fd1\" data-element_type=\"section\" data-e-type=\"section\">\n\t\t\t\t\t\t<div class=\"elementor-container elementor-column-gap-default\">\n\t\t\t\t\t<div class=\"elementor-column elementor-col-50 elementor-inner-column elementor-element elementor-element-f33a2d3\" data-id=\"f33a2d3\" data-element_type=\"column\" data-e-type=\"column\">\n\t\t\t<div class=\"elementor-widget-wrap\">\n\t\t\t\t\t\t\t<\/div>\n\t\t<\/div>\n\t\t\t\t<div class=\"elementor-column elementor-col-50 elementor-inner-column elementor-element elementor-element-78867fa\" data-id=\"78867fa\" data-element_type=\"column\" data-e-type=\"column\">\n\t\t\t<div class=\"elementor-widget-wrap elementor-element-populated\">\n\t\t\t\t\t\t<div class=\"elementor-element elementor-element-efc3b1c elementor-widget elementor-widget-image\" data-id=\"efc3b1c\" data-element_type=\"widget\" data-e-type=\"widget\" data-widget_type=\"image.default\">\n\t\t\t\t<div class=\"elementor-widget-container\">\n\t\t\t\t\t\t\t\t\t\t\t\t\t\t\t<img decoding=\"async\" width=\"300\" height=\"111\" src=\"https:\/\/taekwondo-tigar.hr\/wp-content\/uploads\/2022\/10\/tigar-logo-black-1-300x111.png\" class=\"attachment-medium size-medium wp-image-3373\" alt=\"\" srcset=\"https:\/\/taekwondo-tigar.hr\/wp-content\/uploads\/2022\/10\/tigar-logo-black-1-300x111.png 300w, https:\/\/taekwondo-tigar.hr\/wp-content\/uploads\/2022\/10\/tigar-logo-black-1-768x285.png 768w, https:\/\/taekwondo-tigar.hr\/wp-content\/uploads\/2022\/10\/tigar-logo-black-1.png 1024w\" sizes=\"(max-width: 300px) 100vw, 300px\" \/>\t\t\t\t\t\t\t\t\t\t\t\t\t\t\t<\/div>\n\t\t\t\t<\/div>\n\t\t\t\t\t<\/div>\n\t\t<\/div>\n\t\t\t\t\t<\/div>\n\t\t<\/section>\n\t\t\t\t\t<\/div>\n\t\t<\/div>\n\t\t\t\t\t<\/div>\n\t\t<\/div>\n\t\t\t\t<div class=\"elementor-section elementor-top-section elementor-element elementor-element-0232703 elementor-section-stretched elementor-section-boxed elementor-section-height-default elementor-section-height-default\" data-id=\"0232703\" data-element_type=\"section\" data-e-type=\"section\" data-settings=\"{&quot;stretch_section&quot;:&quot;section-stretched&quot;}\">\n\t\t\t\t\t\t<div class=\"elementor-container elementor-column-gap-default\">\n\t\t\t\t\t<div class=\"elementor-column elementor-col-100 elementor-top-column elementor-element elementor-element-0acee75\" data-id=\"0acee75\" data-element_type=\"column\" data-e-type=\"column\">\n\t\t\t<div class=\"elementor-widget-wrap elementor-element-populated\">\n\t\t\t\t\t\t<section class=\"elementor-section elementor-inner-section elementor-element elementor-element-dbb5178 elementor-section-boxed elementor-section-height-default elementor-section-height-default\" data-id=\"dbb5178\" data-element_type=\"section\" data-e-type=\"section\">\n\t\t\t\t\t\t<div class=\"elementor-container elementor-column-gap-default\">\n\t\t\t\t\t<div class=\"elementor-column elementor-col-33 elementor-inner-column elementor-element elementor-element-839b95e\" data-id=\"839b95e\" data-element_type=\"column\" data-e-type=\"column\">\n\t\t\t<div class=\"elementor-widget-wrap elementor-element-populated\">\n\t\t\t\t\t\t<div class=\"elementor-element elementor-element-ac41639 elementor-widget elementor-widget-image\" data-id=\"ac41639\" data-element_type=\"widget\" data-e-type=\"widget\" data-widget_type=\"image.default\">\n\t\t\t\t<div class=\"elementor-widget-container\">\n\t\t\t\t\t\t\t\t\t\t\t\t\t\t\t<img fetchpriority=\"high\" decoding=\"async\" width=\"740\" height=\"555\" src=\"https:\/\/taekwondo-tigar.hr\/wp-content\/uploads\/2022\/10\/o-nama-1-1024x768.jpg\" class=\"attachment-large size-large wp-image-3377\" alt=\"\" srcset=\"https:\/\/taekwondo-tigar.hr\/wp-content\/uploads\/2022\/10\/o-nama-1-1024x768.jpg 1024w, https:\/\/taekwondo-tigar.hr\/wp-content\/uploads\/2022\/10\/o-nama-1-300x225.jpg 300w, https:\/\/taekwondo-tigar.hr\/wp-content\/uploads\/2022\/10\/o-nama-1-768x576.jpg 768w, https:\/\/taekwondo-tigar.hr\/wp-content\/uploads\/2022\/10\/o-nama-1-1536x1152.jpg 1536w, https:\/\/taekwondo-tigar.hr\/wp-content\/uploads\/2022\/10\/o-nama-1.jpg 1600w\" sizes=\"(max-width: 740px) 100vw, 740px\" \/>\t\t\t\t\t\t\t\t\t\t\t\t\t\t\t<\/div>\n\t\t\t\t<\/div>\n\t\t\t\t\t<\/div>\n\t\t<\/div>\n\t\t\t\t<div class=\"elementor-column elementor-col-33 elementor-inner-column elementor-element elementor-element-8f8c968\" data-id=\"8f8c968\" data-element_type=\"column\" data-e-type=\"column\">\n\t\t\t<div class=\"elementor-widget-wrap elementor-element-populated\">\n\t\t\t\t\t\t<div class=\"elementor-element elementor-element-274cbb6 elementor-widget elementor-widget-image\" data-id=\"274cbb6\" data-element_type=\"widget\" data-e-type=\"widget\" data-widget_type=\"image.default\">\n\t\t\t\t<div class=\"elementor-widget-container\">\n\t\t\t\t\t\t\t\t\t\t\t\t\t\t\t<img decoding=\"async\" width=\"740\" height=\"555\" src=\"https:\/\/taekwondo-tigar.hr\/wp-content\/uploads\/2022\/10\/o-namam-2-1024x768.jpg\" class=\"attachment-large size-large wp-image-3379\" alt=\"\" srcset=\"https:\/\/taekwondo-tigar.hr\/wp-content\/uploads\/2022\/10\/o-namam-2-1024x768.jpg 1024w, https:\/\/taekwondo-tigar.hr\/wp-content\/uploads\/2022\/10\/o-namam-2-300x225.jpg 300w, https:\/\/taekwondo-tigar.hr\/wp-content\/uploads\/2022\/10\/o-namam-2-768x576.jpg 768w, https:\/\/taekwondo-tigar.hr\/wp-content\/uploads\/2022\/10\/o-namam-2-1536x1152.jpg 1536w, https:\/\/taekwondo-tigar.hr\/wp-content\/uploads\/2022\/10\/o-namam-2.jpg 1824w\" sizes=\"(max-width: 740px) 100vw, 740px\" \/>\t\t\t\t\t\t\t\t\t\t\t\t\t\t\t<\/div>\n\t\t\t\t<\/div>\n\t\t\t\t\t<\/div>\n\t\t<\/div>\n\t\t\t\t<div class=\"elementor-column elementor-col-33 elementor-inner-column elementor-element elementor-element-49f59e2\" data-id=\"49f59e2\" data-element_type=\"column\" data-e-type=\"column\">\n\t\t\t<div class=\"elementor-widget-wrap elementor-element-populated\">\n\t\t\t\t\t\t<div class=\"elementor-element elementor-element-dd05db4 elementor-widget elementor-widget-image\" data-id=\"dd05db4\" data-element_type=\"widget\" data-e-type=\"widget\" data-widget_type=\"image.default\">\n\t\t\t\t<div class=\"elementor-widget-container\">\n\t\t\t\t\t\t\t\t\t\t\t\t\t\t\t<img loading=\"lazy\" decoding=\"async\" width=\"740\" height=\"555\" src=\"https:\/\/taekwondo-tigar.hr\/wp-content\/uploads\/2022\/10\/o-nama-3-1024x768.jpg\" class=\"attachment-large size-large wp-image-3378\" alt=\"\" srcset=\"https:\/\/taekwondo-tigar.hr\/wp-content\/uploads\/2022\/10\/o-nama-3-1024x768.jpg 1024w, https:\/\/taekwondo-tigar.hr\/wp-content\/uploads\/2022\/10\/o-nama-3-300x225.jpg 300w, https:\/\/taekwondo-tigar.hr\/wp-content\/uploads\/2022\/10\/o-nama-3-768x576.jpg 768w, https:\/\/taekwondo-tigar.hr\/wp-content\/uploads\/2022\/10\/o-nama-3-1536x1152.jpg 1536w, https:\/\/taekwondo-tigar.hr\/wp-content\/uploads\/2022\/10\/o-nama-3.jpg 1824w\" sizes=\"(max-width: 740px) 100vw, 740px\" \/>\t\t\t\t\t\t\t\t\t\t\t\t\t\t\t<\/div>\n\t\t\t\t<\/div>\n\t\t\t\t\t<\/div>\n\t\t<\/div>\n\t\t\t\t\t<\/div>\n\t\t<\/section>\n\t\t\t\t\t<\/div>\n\t\t<\/div>\n\t\t\t\t\t<\/div>\n\t\t<\/div>\n\t\t\t\t<\/div>\n\t\t","protected":false},"excerpt":{"rendered":"<p>O NAMA Taekwondo klub Tigar Zagreb osnovan je 11. sije\u010dnja 2011. godine na inicijativu glavnog trenera Marka Jeren koji se maksimalno posvetio provedbi programa rada Kluba. Zaljubljen u taekwondo sport,\u00a0vo\u0111en vizijom da se mladim perspektivnim natjecateljima, kao i svima koji se \u017eele baviti taekwondoom, osigura kvalitetno okru\u017eenje, primjereno njihovom talentu i trudu: od \u0161kolovanih trenera<\/p>\n","protected":false},"author":1,"featured_media":0,"parent":0,"menu_order":0,"comment_status":"closed","ping_status":"closed","template":"","meta":{"_blockly_fonts_attr":"","footnotes":""},"class_list":["post-827","page","type-page","status-publish","hentry"],"_links":{"self":[{"href":"https:\/\/taekwondo-tigar.hr\/index.php\/wp-json\/wp\/v2\/pages\/827","targetHints":{"allow":["GET"]}}],"collection":[{"href":"https:\/\/taekwondo-tigar.hr\/index.php\/wp-json\/wp\/v2\/pages"}],"about":[{"href":"https:\/\/taekwondo-tigar.hr\/index.php\/wp-json\/wp\/v2\/types\/page"}],"author":[{"embeddable":true,"href":"https:\/\/taekwondo-tigar.hr\/index.php\/wp-json\/wp\/v2\/users\/1"}],"replies":[{"embeddable":true,"href":"https:\/\/taekwondo-tigar.hr\/index.php\/wp-json\/wp\/v2\/comments?post=827"}],"version-history":[{"count":24,"href":"https:\/\/taekwondo-tigar.hr\/index.php\/wp-json\/wp\/v2\/pages\/827\/revisions"}],"predecessor-version":[{"id":3558,"href":"https:\/\/taekwondo-tigar.hr\/index.php\/wp-json\/wp\/v2\/pages\/827\/revisions\/3558"}],"wp:attachment":[{"href":"https:\/\/taekwondo-tigar.hr\/index.php\/wp-json\/wp\/v2\/media?parent=827"}],"curies":[{"name":"wp","href":"https:\/\/api.w.org\/{rel}","templated":true}]}}