{"id":5233,"date":"2026-03-22T15:37:22","date_gmt":"2026-03-22T15:37:22","guid":{"rendered":"https:\/\/taekwondo-tigar.hr\/?page_id=5233"},"modified":"2026-03-22T17:13:34","modified_gmt":"2026-03-22T17:13:34","slug":"tigar-open","status":"publish","type":"page","link":"https:\/\/taekwondo-tigar.hr\/index.php\/tigar-open\/","title":{"rendered":"TIGAR OPEN"},"content":{"rendered":"<h1><strong>5. TIGAR OPEN \u2013 Taekwondo festival<\/strong><\/h1>\n<p><strong>Datum odr\u017eavanja:<\/strong> 19. travnja 2026<br \/>\n<strong>Mjesto odr\u017eavanja:<\/strong> Sportska dvorana Srednje \u0161kole Jelkovec, Zagreb<\/p>\n<p>Nakon \u0161to je Tigar Open u prethodnim izdanjima bio uspje\u0161no organiziran s ponosom ponovno pokre\u0107emo na\u0161 klupski turnir!<br \/>\nVra\u0107amo se organizaciji turnira, moderniji i organizacijski podignuti na vi\u0161u razinu \u2013 s ciljem da <strong>5. TIGAR OPEN 2026<\/strong> postane pravi taekwondo festival sporta, mladosti i borbenog duha.<\/p>\n<p><strong>Natjecateljske kategorije:<\/strong><br \/>\n&#8211; \u0160kolarci\/\u0160kolarke<br \/>\n&#8211; Mla\u0111i kadeti\/Mla\u0111e kadetkinje<br \/>\n&#8211; Kadeti\/Kadetkinje<br \/>\n&#8211; Juniori\/Juniorke<br \/>\n&#8211; Kick natjecanje<\/p>\n<p><strong>Za\u0161to Tigar Open?<\/strong><br \/>\n&#8211; turnir humanitarnog karaktera<br \/>\n&#8211; kvalitetna organizacija<br \/>\n&#8211; atraktivne i dinami\u010dne borbe<br \/>\n&#8211; prilika za razvoj mladih sporta\u0161a<br \/>\n&#8211; medalje, priznanja i nagrade<br \/>\n&#8211; sportsko okru\u017eenje i pozitivna atmosfera<br \/>\n&#8211; elektronska oprema DaeDo GEN3<\/p>\n<p>O\u010dekuje vas cjelodnevni sportski spektakl, profesionalna organizacija i energija pravog turnira koji okuplja klubove, trenere i natjecatelje iz cijele regije.<\/p>\n<p><strong>Vidimo se 19.travnja 2026 u Jelkovcu \u2013 budite dio 5.TIGAR OPEN 2026!<\/strong><\/p>\n<p><img fetchpriority=\"high\" decoding=\"async\" class=\"alignnone size-medium wp-image-5272\" src=\"https:\/\/taekwondo-tigar.hr\/wp-content\/uploads\/2026\/03\/tIGAR-oPEN-200x300.jpg\" alt=\"\" width=\"200\" height=\"300\" srcset=\"https:\/\/taekwondo-tigar.hr\/wp-content\/uploads\/2026\/03\/tIGAR-oPEN-200x300.jpg 200w, https:\/\/taekwondo-tigar.hr\/wp-content\/uploads\/2026\/03\/tIGAR-oPEN-683x1024.jpg 683w, https:\/\/taekwondo-tigar.hr\/wp-content\/uploads\/2026\/03\/tIGAR-oPEN-768x1152.jpg 768w, https:\/\/taekwondo-tigar.hr\/wp-content\/uploads\/2026\/03\/tIGAR-oPEN.jpg 1024w\" sizes=\"(max-width: 200px) 100vw, 200px\" \/><\/p>\n","protected":false},"excerpt":{"rendered":"<p>5. TIGAR OPEN \u2013 Taekwondo festival Datum odr\u017eavanja: 19. travnja 2026 Mjesto odr\u017eavanja: Sportska dvorana Srednje \u0161kole Jelkovec, Zagreb Nakon \u0161to je Tigar Open u prethodnim izdanjima bio uspje\u0161no organiziran s ponosom ponovno pokre\u0107emo na\u0161 klupski turnir! Vra\u0107amo se organizaciji turnira, moderniji i organizacijski podignuti na vi\u0161u razinu \u2013 s ciljem da 5. TIGAR OPEN<\/p>\n","protected":false},"author":1,"featured_media":5272,"parent":0,"menu_order":0,"comment_status":"closed","ping_status":"closed","template":"","meta":{"_blockly_fonts_attr":"","footnotes":""},"class_list":["post-5233","page","type-page","status-publish","has-post-thumbnail","hentry"],"_links":{"self":[{"href":"https:\/\/taekwondo-tigar.hr\/index.php\/wp-json\/wp\/v2\/pages\/5233","targetHints":{"allow":["GET"]}}],"collection":[{"href":"https:\/\/taekwondo-tigar.hr\/index.php\/wp-json\/wp\/v2\/pages"}],"about":[{"href":"https:\/\/taekwondo-tigar.hr\/index.php\/wp-json\/wp\/v2\/types\/page"}],"author":[{"embeddable":true,"href":"https:\/\/taekwondo-tigar.hr\/index.php\/wp-json\/wp\/v2\/users\/1"}],"replies":[{"embeddable":true,"href":"https:\/\/taekwondo-tigar.hr\/index.php\/wp-json\/wp\/v2\/comments?post=5233"}],"version-history":[{"count":5,"href":"https:\/\/taekwondo-tigar.hr\/index.php\/wp-json\/wp\/v2\/pages\/5233\/revisions"}],"predecessor-version":[{"id":5274,"href":"https:\/\/taekwondo-tigar.hr\/index.php\/wp-json\/wp\/v2\/pages\/5233\/revisions\/5274"}],"wp:featuredmedia":[{"embeddable":true,"href":"https:\/\/taekwondo-tigar.hr\/index.php\/wp-json\/wp\/v2\/media\/5272"}],"wp:attachment":[{"href":"https:\/\/taekwondo-tigar.hr\/index.php\/wp-json\/wp\/v2\/media?parent=5233"}],"curies":[{"name":"wp","href":"https:\/\/api.w.org\/{rel}","templated":true}]}}