{"id":3563,"date":"2022-11-19T14:14:04","date_gmt":"2022-11-19T14:14:04","guid":{"rendered":"https:\/\/tigar2023.taekwondo-tigar.hr\/?page_id=3563"},"modified":"2022-11-19T14:19:54","modified_gmt":"2022-11-19T14:19:54","slug":"taekwondo-skolarci","status":"publish","type":"page","link":"https:\/\/taekwondo-tigar.hr\/index.php\/taekwondo-skolarci\/","title":{"rendered":"Taekwondo \u0160kolarci"},"content":{"rendered":"\t\t<div data-elementor-type=\"wp-page\" data-elementor-id=\"3563\" class=\"elementor elementor-3563\">\n\t\t\t\t\t\t<div class=\"elementor-section elementor-top-section elementor-element elementor-element-3ce88b4 elementor-section-stretched elementor-section-full_width elementor-section-height-default elementor-section-height-default\" data-id=\"3ce88b4\" data-element_type=\"section\" data-e-type=\"section\" data-settings=\"{&quot;stretch_section&quot;:&quot;section-stretched&quot;,&quot;background_background&quot;:&quot;classic&quot;}\">\n\t\t\t\t\t\t<div class=\"elementor-container elementor-column-gap-default\">\n\t\t\t\t\t<div class=\"elementor-column elementor-col-100 elementor-top-column elementor-element elementor-element-5278802\" data-id=\"5278802\" data-element_type=\"column\" data-e-type=\"column\">\n\t\t\t<div class=\"elementor-widget-wrap elementor-element-populated\">\n\t\t\t\t\t\t<div class=\"elementor-element elementor-element-a653e2f elementor-widget__width-initial elementor-absolute elementor-widget elementor-widget-image\" data-id=\"a653e2f\" data-element_type=\"widget\" data-e-type=\"widget\" data-settings=\"{&quot;_position&quot;:&quot;absolute&quot;}\" data-widget_type=\"image.default\">\n\t\t\t\t<div class=\"elementor-widget-container\">\n\t\t\t\t\t\t\t\t\t\t\t\t\t\t\t<img decoding=\"async\" src=\"https:\/\/themeim.com\/wp\/sword\/wp-content\/uploads\/2022\/03\/element-2.png\" title=\"\" alt=\"\" loading=\"lazy\" \/>\t\t\t\t\t\t\t\t\t\t\t\t\t\t\t<\/div>\n\t\t\t\t<\/div>\n\t\t\t\t<section class=\"elementor-section elementor-inner-section elementor-element elementor-element-c748a15 elementor-section-boxed elementor-section-height-default elementor-section-height-default\" data-id=\"c748a15\" data-element_type=\"section\" data-e-type=\"section\">\n\t\t\t\t\t\t<div class=\"elementor-container elementor-column-gap-default\">\n\t\t\t\t\t<div class=\"elementor-column elementor-col-33 elementor-inner-column elementor-element elementor-element-d4c26a8\" data-id=\"d4c26a8\" data-element_type=\"column\" data-e-type=\"column\">\n\t\t\t<div class=\"elementor-widget-wrap\">\n\t\t\t\t\t\t\t<\/div>\n\t\t<\/div>\n\t\t\t\t<div class=\"elementor-column elementor-col-33 elementor-inner-column elementor-element elementor-element-b1e35b4\" data-id=\"b1e35b4\" data-element_type=\"column\" data-e-type=\"column\">\n\t\t\t<div class=\"elementor-widget-wrap elementor-element-populated\">\n\t\t\t\t\t\t<div class=\"elementor-element elementor-element-0cffaed elementor-widget elementor-widget-sword-theme-heading-title-one-widget\" data-id=\"0cffaed\" data-element_type=\"widget\" data-e-type=\"widget\" data-widget_type=\"sword-theme-heading-title-one-widget.default\">\n\t\t\t\t<div class=\"elementor-widget-container\">\n\t\t\t\t\t        <div class=\"theme-heading-title \"\r\n             style=\"text-align:center\">\r\n                        <h3 class=\"title\">\r\n                TAEKWONDO  <span>\u0160KOLARCI<\/span>             <\/h3>\r\n            <p><\/p>        <\/div>\r\n        \t\t\t\t<\/div>\n\t\t\t\t<\/div>\n\t\t\t\t\t<\/div>\n\t\t<\/div>\n\t\t\t\t<div class=\"elementor-column elementor-col-33 elementor-inner-column elementor-element elementor-element-fbf6ec8\" data-id=\"fbf6ec8\" data-element_type=\"column\" data-e-type=\"column\">\n\t\t\t<div class=\"elementor-widget-wrap\">\n\t\t\t\t\t\t\t<\/div>\n\t\t<\/div>\n\t\t\t\t\t<\/div>\n\t\t<\/section>\n\t\t\t\t<section class=\"elementor-section elementor-inner-section elementor-element elementor-element-8798fee elementor-section-boxed elementor-section-height-default elementor-section-height-default\" data-id=\"8798fee\" data-element_type=\"section\" data-e-type=\"section\">\n\t\t\t\t\t\t<div class=\"elementor-container elementor-column-gap-default\">\n\t\t\t\t\t<div class=\"elementor-column elementor-col-100 elementor-inner-column elementor-element elementor-element-f611819\" data-id=\"f611819\" data-element_type=\"column\" data-e-type=\"column\">\n\t\t\t<div class=\"elementor-widget-wrap elementor-element-populated\">\n\t\t\t\t\t\t<div class=\"elementor-element elementor-element-767dd16 elementor-widget elementor-widget-text-editor\" data-id=\"767dd16\" data-element_type=\"widget\" data-e-type=\"widget\" data-widget_type=\"text-editor.default\">\n\t\t\t\t<div class=\"elementor-widget-container\">\n\t\t\t\t\t\t\t\t\t<p>Program TAEKWONDO \u0160KOLARCI namjenjen je djeci dobi od 7-15 godina. Program se provodi na 3 lokacije u Gradu Zagrebu: O\u0160 Jelkovec, O\u0160 Dugave i privatnoj dvorani Veliko Polje.<\/p><p>Ovim programom djeca razvijaju bazi\u010dnu motori\u010dku sposobnost, u\u010de osnovne stavove, blokove i udarce taekwondo sporta, u\u010de pravilno disati, te razvijaju samokontrolu, pove\u0107avaju fleksibilnost i koncentraciju te stje\u010du ljubaznost i po\u0161tovanje prema svom treneru (i starijim osobama).<\/p><p>Osim toga, vje\u017ebanjem taekwondo-a pove\u0107avamo mi\u0161i\u0107ni tonus, formiramo pravilno dr\u017eanje tijela, ja\u010damo sko\u010dni zglob, te taekwondo poma\u017ee u sprje\u010davanju bolesti mi\u0161i\u0107no \u2013 ko\u0161tanog sustava.<\/p><p>Taekwondo mo\u017eemo svrstati u skupinu \u201cbazi\u010dnih sportova\u201c jer dijete treniranjem taekwondo-a razvija osnovne psiho \u2013 motori\u010dke spososbnosti, koje mogu poslu\u017eiti kao odsko\u010dna daska i u drugim sportovima.<\/p>\t\t\t\t\t\t\t\t<\/div>\n\t\t\t\t<\/div>\n\t\t\t\t<div class=\"elementor-element elementor-element-fe45778 elementor-widget elementor-widget-image-gallery\" data-id=\"fe45778\" data-element_type=\"widget\" data-e-type=\"widget\" data-widget_type=\"image-gallery.default\">\n\t\t\t\t<div class=\"elementor-widget-container\">\n\t\t\t\t\t\t\t<div class=\"elementor-image-gallery\">\n\t\t\t<div id='gallery-1' class='gallery galleryid-3563 gallery-columns-2 gallery-size-sword_classic'><figure class='gallery-item'>\n\t\t\t<div class='gallery-icon landscape'>\n\t\t\t\t<a data-elementor-open-lightbox=\"yes\" data-elementor-lightbox-slideshow=\"fe45778\" data-elementor-lightbox-title=\"1\" data-e-action-hash=\"#elementor-action%3Aaction%3Dlightbox%26settings%3DeyJpZCI6MzU2OSwidXJsIjoiaHR0cHM6XC9cL3RhZWt3b25kby10aWdhci5oclwvd3AtY29udGVudFwvdXBsb2Fkc1wvMjAyMlwvMTFcLzEtc2NhbGVkLmpwZyIsInNsaWRlc2hvdyI6ImZlNDU3NzgifQ%3D%3D\" href='https:\/\/taekwondo-tigar.hr\/wp-content\/uploads\/2022\/11\/1-scaled.jpg'><img fetchpriority=\"high\" decoding=\"async\" width=\"750\" height=\"400\" src=\"https:\/\/taekwondo-tigar.hr\/wp-content\/uploads\/2022\/11\/1-750x400.jpg\" class=\"attachment-sword_classic size-sword_classic\" alt=\"\" \/><\/a>\n\t\t\t<\/div><\/figure><figure class='gallery-item'>\n\t\t\t<div class='gallery-icon landscape'>\n\t\t\t\t<a data-elementor-open-lightbox=\"yes\" data-elementor-lightbox-slideshow=\"fe45778\" data-elementor-lightbox-title=\"2\" data-e-action-hash=\"#elementor-action%3Aaction%3Dlightbox%26settings%3DeyJpZCI6MzU3MCwidXJsIjoiaHR0cHM6XC9cL3RhZWt3b25kby10aWdhci5oclwvd3AtY29udGVudFwvdXBsb2Fkc1wvMjAyMlwvMTFcLzItc2NhbGVkLmpwZyIsInNsaWRlc2hvdyI6ImZlNDU3NzgifQ%3D%3D\" href='https:\/\/taekwondo-tigar.hr\/wp-content\/uploads\/2022\/11\/2-scaled.jpg'><img decoding=\"async\" width=\"750\" height=\"400\" src=\"https:\/\/taekwondo-tigar.hr\/wp-content\/uploads\/2022\/11\/2-750x400.jpg\" class=\"attachment-sword_classic size-sword_classic\" alt=\"\" \/><\/a>\n\t\t\t<\/div><\/figure><figure class='gallery-item'>\n\t\t\t<div class='gallery-icon landscape'>\n\t\t\t\t<a data-elementor-open-lightbox=\"yes\" data-elementor-lightbox-slideshow=\"fe45778\" data-elementor-lightbox-title=\"3\" data-e-action-hash=\"#elementor-action%3Aaction%3Dlightbox%26settings%3DeyJpZCI6MzU3MSwidXJsIjoiaHR0cHM6XC9cL3RhZWt3b25kby10aWdhci5oclwvd3AtY29udGVudFwvdXBsb2Fkc1wvMjAyMlwvMTFcLzMtc2NhbGVkLmpwZyIsInNsaWRlc2hvdyI6ImZlNDU3NzgifQ%3D%3D\" href='https:\/\/taekwondo-tigar.hr\/wp-content\/uploads\/2022\/11\/3-scaled.jpg'><img decoding=\"async\" width=\"750\" height=\"400\" src=\"https:\/\/taekwondo-tigar.hr\/wp-content\/uploads\/2022\/11\/3-750x400.jpg\" class=\"attachment-sword_classic size-sword_classic\" alt=\"\" \/><\/a>\n\t\t\t<\/div><\/figure><figure class='gallery-item'>\n\t\t\t<div class='gallery-icon landscape'>\n\t\t\t\t<a data-elementor-open-lightbox=\"yes\" data-elementor-lightbox-slideshow=\"fe45778\" data-elementor-lightbox-title=\"4\" data-e-action-hash=\"#elementor-action%3Aaction%3Dlightbox%26settings%3DeyJpZCI6MzU3MiwidXJsIjoiaHR0cHM6XC9cL3RhZWt3b25kby10aWdhci5oclwvd3AtY29udGVudFwvdXBsb2Fkc1wvMjAyMlwvMTFcLzQtc2NhbGVkLmpwZyIsInNsaWRlc2hvdyI6ImZlNDU3NzgifQ%3D%3D\" href='https:\/\/taekwondo-tigar.hr\/wp-content\/uploads\/2022\/11\/4-scaled.jpg'><img loading=\"lazy\" decoding=\"async\" width=\"750\" height=\"400\" src=\"https:\/\/taekwondo-tigar.hr\/wp-content\/uploads\/2022\/11\/4-750x400.jpg\" class=\"attachment-sword_classic size-sword_classic\" alt=\"\" \/><\/a>\n\t\t\t<\/div><\/figure>\n\t\t<\/div>\n\t\t<\/div>\n\t\t\t\t\t\t<\/div>\n\t\t\t\t<\/div>\n\t\t\t\t\t<\/div>\n\t\t<\/div>\n\t\t\t\t\t<\/div>\n\t\t<\/section>\n\t\t\t\t<section class=\"elementor-section elementor-inner-section elementor-element elementor-element-5312774 elementor-section-boxed elementor-section-height-default elementor-section-height-default\" data-id=\"5312774\" data-element_type=\"section\" data-e-type=\"section\">\n\t\t\t\t\t\t<div class=\"elementor-container elementor-column-gap-default\">\n\t\t\t\t\t<div class=\"elementor-column elementor-col-100 elementor-inner-column elementor-element elementor-element-f81ba0a\" data-id=\"f81ba0a\" data-element_type=\"column\" data-e-type=\"column\">\n\t\t\t<div class=\"elementor-widget-wrap elementor-element-populated\">\n\t\t\t\t\t\t<div class=\"elementor-element elementor-element-ace7d77 elementor-widget elementor-widget-sword-theme-heading-title-one-widget\" data-id=\"ace7d77\" data-element_type=\"widget\" data-e-type=\"widget\" data-widget_type=\"sword-theme-heading-title-one-widget.default\">\n\t\t\t\t<div class=\"elementor-widget-container\">\n\t\t\t\t\t        <div class=\"theme-heading-title \"\r\n             style=\"text-align:center\">\r\n                        <h3 class=\"title\">\r\n                OSTALI  <span>PROGRAMI<\/span>             <\/h3>\r\n            <p><\/p>        <\/div>\r\n        \t\t\t\t<\/div>\n\t\t\t\t<\/div>\n\t\t\t\t<div class=\"elementor-element elementor-element-1da5d9b elementor-widget elementor-widget-sword-training-single-grid-widget\" data-id=\"1da5d9b\" data-element_type=\"widget\" data-e-type=\"widget\" data-widget_type=\"sword-training-single-grid-widget.default\">\n\t\t\t\t<div class=\"elementor-widget-container\">\n\t\t\t\t\t        <div class=\"training-section--style\">\n            <div class=\"row\">\n\n                                    <div class=\"col-lg-4 col-md-6\">\n                        <div class=\"training-item aos-init margin-bottom-30\">\n                            <div class=\"training-thumb\">\n                                <img decoding=\"async\" src=\"\"\n                                     alt=\"\">\n                            <\/div>\n                            <div class=\"training-content\">\n                                <div class=\"training-icon-area\">\n                                    <div class=\"training-icon\"> <i class=\"flaticon-taekwondo\"><\/i><\/div>                                <\/div>\n                                <a href=\"https:\/\/taekwondo-tigar.hr\/index.php\/all-training\/vrtic\/\">\n                                    <h2 class=\"title\">Vrti\u0107<\/h2>\n                                <\/a>\n                                <p>Transport or transportation is the movement of humans, animals and goods from one location.<\/p>\n                                <div class=\"training-footer-area\">\n                                    <div class=\"training-price\">\n                                        <h4 class=\"title\">$19,000\/ hr <\/h4>\n                                    <\/div>\n                                    <div class=\"training-footer-btn\">\n                                        <a href=\"https:\/\/taekwondo-tigar.hr\/index.php\/all-training\/vrtic\/\"><i\n                                                    class=\"fas fa-arrow-right\"><\/i><\/a>\n                                    <\/div>\n                                <\/div>\n                            <\/div>\n                        <\/div>\n                    <\/div>\n                                    <div class=\"col-lg-4 col-md-6\">\n                        <div class=\"training-item aos-init margin-bottom-30\">\n                            <div class=\"training-thumb\">\n                                <img decoding=\"async\" src=\"\"\n                                     alt=\"\">\n                            <\/div>\n                            <div class=\"training-content\">\n                                <div class=\"training-icon-area\">\n                                    <div class=\"training-icon\"> <i class=\"flaticon-taekwondo\"><\/i><\/div>                                <\/div>\n                                <a href=\"https:\/\/taekwondo-tigar.hr\/index.php\/all-training\/skolarci\/\">\n                                    <h2 class=\"title\">\u0160kolarci<\/h2>\n                                <\/a>\n                                <p>Transport or transportation is the movement of humans, animals and goods from one location.<\/p>\n                                <div class=\"training-footer-area\">\n                                    <div class=\"training-price\">\n                                        <h4 class=\"title\">$19,000\/ hr <\/h4>\n                                    <\/div>\n                                    <div class=\"training-footer-btn\">\n                                        <a href=\"https:\/\/taekwondo-tigar.hr\/index.php\/all-training\/skolarci\/\"><i\n                                                    class=\"fas fa-arrow-right\"><\/i><\/a>\n                                    <\/div>\n                                <\/div>\n                            <\/div>\n                        <\/div>\n                    <\/div>\n                                    <div class=\"col-lg-4 col-md-6\">\n                        <div class=\"training-item aos-init margin-bottom-30\">\n                            <div class=\"training-thumb\">\n                                <img decoding=\"async\" src=\"\"\n                                     alt=\"\">\n                            <\/div>\n                            <div class=\"training-content\">\n                                <div class=\"training-icon-area\">\n                                    <div class=\"training-icon\"> <i class=\"flaticon-taekwondo\"><\/i><\/div>                                <\/div>\n                                <a href=\"https:\/\/taekwondo-tigar.hr\/index.php\/all-training\/rekreacija\/\">\n                                    <h2 class=\"title\">Rekreacija<\/h2>\n                                <\/a>\n                                <p>Transport or transportation is the movement of humans, animals and goods from one location.<\/p>\n                                <div class=\"training-footer-area\">\n                                    <div class=\"training-price\">\n                                        <h4 class=\"title\">$19,000\/ hr <\/h4>\n                                    <\/div>\n                                    <div class=\"training-footer-btn\">\n                                        <a href=\"https:\/\/taekwondo-tigar.hr\/index.php\/all-training\/rekreacija\/\"><i\n                                                    class=\"fas fa-arrow-right\"><\/i><\/a>\n                                    <\/div>\n                                <\/div>\n                            <\/div>\n                        <\/div>\n                    <\/div>\n                                    <div class=\"col-lg-4 col-md-6\">\n                        <div class=\"training-item aos-init margin-bottom-30\">\n                            <div class=\"training-thumb\">\n                                <img decoding=\"async\" src=\"\"\n                                     alt=\"\">\n                            <\/div>\n                            <div class=\"training-content\">\n                                <div class=\"training-icon-area\">\n                                    <div class=\"training-icon\"> <i class=\"flaticon-karate-3\"><\/i><\/div>                                <\/div>\n                                <a href=\"https:\/\/taekwondo-tigar.hr\/index.php\/all-training\/natcjecatelji\/\">\n                                    <h2 class=\"title\">NATCJECATELJI<\/h2>\n                                <\/a>\n                                <p>Transport or transportation is the movement of humans, animals and goods from one location.<\/p>\n                                <div class=\"training-footer-area\">\n                                    <div class=\"training-price\">\n                                        <h4 class=\"title\">$19,000\/ hr <\/h4>\n                                    <\/div>\n                                    <div class=\"training-footer-btn\">\n                                        <a href=\"https:\/\/taekwondo-tigar.hr\/index.php\/all-training\/natcjecatelji\/\"><i\n                                                    class=\"fas fa-arrow-right\"><\/i><\/a>\n                                    <\/div>\n                                <\/div>\n                            <\/div>\n                        <\/div>\n                    <\/div>\n                                    <div class=\"col-lg-4 col-md-6\">\n                        <div class=\"training-item aos-init margin-bottom-30\">\n                            <div class=\"training-thumb\">\n                                <img decoding=\"async\" src=\"\"\n                                     alt=\"\">\n                            <\/div>\n                            <div class=\"training-content\">\n                                <div class=\"training-icon-area\">\n                                    <div class=\"training-icon\"> <i class=\"flaticon-taekwondo\"><\/i><\/div>                                <\/div>\n                                <a href=\"https:\/\/taekwondo-tigar.hr\/index.php\/all-training\/funkcionalni-trening\/\">\n                                    <h2 class=\"title\">FUKNCIONALNI TRENING<\/h2>\n                                <\/a>\n                                <p>Transport or transportation is the movement of humans, animals and goods from one location.<\/p>\n                                <div class=\"training-footer-area\">\n                                    <div class=\"training-price\">\n                                        <h4 class=\"title\">$19,000\/ hr <\/h4>\n                                    <\/div>\n                                    <div class=\"training-footer-btn\">\n                                        <a href=\"https:\/\/taekwondo-tigar.hr\/index.php\/all-training\/funkcionalni-trening\/\"><i\n                                                    class=\"fas fa-arrow-right\"><\/i><\/a>\n                                    <\/div>\n                                <\/div>\n                            <\/div>\n                        <\/div>\n                    <\/div>\n                                    <div class=\"col-lg-4 col-md-6\">\n                        <div class=\"training-item aos-init margin-bottom-30\">\n                            <div class=\"training-thumb\">\n                                <img decoding=\"async\" src=\"\"\n                                     alt=\"\">\n                            <\/div>\n                            <div class=\"training-content\">\n                                <div class=\"training-icon-area\">\n                                    <div class=\"training-icon\"> <i class=\"fas fa-birthday-cake\"><\/i><\/div>                                <\/div>\n                                <a href=\"https:\/\/taekwondo-tigar.hr\/index.php\/all-training\/sportski-rodendani\/\">\n                                    <h2 class=\"title\">SPORTSKI RO\u0110ENDANI<\/h2>\n                                <\/a>\n                                <p>Transport or transportation is the movement of humans, animals and goods from one location.<\/p>\n                                <div class=\"training-footer-area\">\n                                    <div class=\"training-price\">\n                                        <h4 class=\"title\">$19,000\/ hr <\/h4>\n                                    <\/div>\n                                    <div class=\"training-footer-btn\">\n                                        <a href=\"https:\/\/taekwondo-tigar.hr\/index.php\/all-training\/sportski-rodendani\/\"><i\n                                                    class=\"fas fa-arrow-right\"><\/i><\/a>\n                                    <\/div>\n                                <\/div>\n                            <\/div>\n                        <\/div>\n                    <\/div>\n                                    <div class=\"col-lg-4 col-md-6\">\n                        <div class=\"training-item aos-init margin-bottom-30\">\n                            <div class=\"training-thumb\">\n                                <img decoding=\"async\" src=\"\"\n                                     alt=\"\">\n                            <\/div>\n                            <div class=\"training-content\">\n                                <div class=\"training-icon-area\">\n                                    <div class=\"training-icon\"> <i class=\"flaticon-taekwondo\"><\/i><\/div>                                <\/div>\n                                <a href=\"https:\/\/taekwondo-tigar.hr\/index.php\/all-training\/individualni-program\/\">\n                                    <h2 class=\"title\">INDIVIDUALNI PROGRAM<\/h2>\n                                <\/a>\n                                <p>Transport or transportation is the movement of humans, animals and goods from one location.<\/p>\n                                <div class=\"training-footer-area\">\n                                    <div class=\"training-price\">\n                                        <h4 class=\"title\">$19,000\/ hr <\/h4>\n                                    <\/div>\n                                    <div class=\"training-footer-btn\">\n                                        <a href=\"https:\/\/taekwondo-tigar.hr\/index.php\/all-training\/individualni-program\/\"><i\n                                                    class=\"fas fa-arrow-right\"><\/i><\/a>\n                                    <\/div>\n                                <\/div>\n                            <\/div>\n                        <\/div>\n                    <\/div>\n                                <div class=\"col-lg-12\">\n                    <div class=\"blog-pagination text-left margin-top-20\">\n                                            <\/div>\n                <\/div>\n            <\/div>\n        <\/div>\n        \t\t\t\t<\/div>\n\t\t\t\t<\/div>\n\t\t\t\t\t<\/div>\n\t\t<\/div>\n\t\t\t\t\t<\/div>\n\t\t<\/section>\n\t\t\t\t\t<\/div>\n\t\t<\/div>\n\t\t\t\t\t<\/div>\n\t\t<\/div>\n\t\t\t\t<\/div>\n\t\t","protected":false},"excerpt":{"rendered":"<p>TAEKWONDO \u0160KOLARCI Program TAEKWONDO \u0160KOLARCI namjenjen je djeci dobi od 7-15 godina. Program se provodi na 3 lokacije <\/p>\n","protected":false},"author":1,"featured_media":0,"parent":0,"menu_order":0,"comment_status":"closed","ping_status":"open","template":"","meta":{"_blockly_fonts_attr":"","footnotes":""},"class_list":["post-3563","page","type-page","status-publish","hentry"],"_links":{"self":[{"href":"https:\/\/taekwondo-tigar.hr\/index.php\/wp-json\/wp\/v2\/pages\/3563","targetHints":{"allow":["GET"]}}],"collection":[{"href":"https:\/\/taekwondo-tigar.hr\/index.php\/wp-json\/wp\/v2\/pages"}],"about":[{"href":"https:\/\/taekwondo-tigar.hr\/index.php\/wp-json\/wp\/v2\/types\/page"}],"author":[{"embeddable":true,"href":"https:\/\/taekwondo-tigar.hr\/index.php\/wp-json\/wp\/v2\/users\/1"}],"replies":[{"embeddable":true,"href":"https:\/\/taekwondo-tigar.hr\/index.php\/wp-json\/wp\/v2\/comments?post=3563"}],"version-history":[{"count":14,"href":"https:\/\/taekwondo-tigar.hr\/index.php\/wp-json\/wp\/v2\/pages\/3563\/revisions"}],"predecessor-version":[{"id":3581,"href":"https:\/\/taekwondo-tigar.hr\/index.php\/wp-json\/wp\/v2\/pages\/3563\/revisions\/3581"}],"wp:attachment":[{"href":"https:\/\/taekwondo-tigar.hr\/index.php\/wp-json\/wp\/v2\/media?parent=3563"}],"curies":[{"name":"wp","href":"https:\/\/api.w.org\/{rel}","templated":true}]}}